{"id":49,"date":"2025-01-10T13:54:56","date_gmt":"2025-01-10T12:54:56","guid":{"rendered":"https:\/\/magnet-media.de\/gyntarre\/?page_id=49"},"modified":"2025-07-31T20:47:12","modified_gmt":"2025-07-31T18:47:12","slug":"guentarre","status":"publish","type":"page","link":"https:\/\/magnet-media.de\/gyntarre\/","title":{"rendered":"G\u0178NTARRE"},"content":{"rendered":"<p><strong>Hei\u00dfe H\u00e4schen, s\u00fc\u00dfe M\u00e4uschen &amp; geile Schweinchen!<\/strong><\/p>\n<p>Hello World! <strong>Willkommen im G\u00fcntarnet!<\/strong><\/p>\n<p>Danke f\u00fcr Deinen Bes\u00fcch bei G\u00dcNTARRE!<\/p>\n<p>Musik, Gedichte &amp; Kochrezepte mit Wandergitarre, Stromgitarre, viel G\u00fcnm\u00fcse &amp; Menschenfl\u00fcisch.<\/p>\n<p>Texte, Gedichte &amp; Prosa!<br \/>\nSexy, dicht &amp; Prost!<br \/>\nImmer politisch, dabei total unpolitisch und fast immer korrekt!<\/p>\n<p><strong>Fre\u00fcnd*innen des \u00dc\u00a0! Viel Spa\u00df hier!<\/strong><strong><br \/>\n<\/strong><\/p>\n<p>\u00dc\u00e7 k\u00fc\u00e7\u00fck \u00f6p\u00fc\u00e7\u00fck\u00a0 &#8211;<br \/>\nsendet Euch herzlich Euer G\u00fcntarre!<\/p>\n<h5>G\u0178NTARRE G\u0178NTARRE G\u0178NTARRE G\u0178NTARRE G\u0178NTARRE<\/h5>\n","protected":false},"excerpt":{"rendered":"<p>Hei\u00dfe H\u00e4schen, s\u00fc\u00dfe M\u00e4uschen &amp; geile Schweinchen! Hello World! Willkommen im G\u00fcntarnet! Danke f\u00fcr Deinen Bes\u00fcch bei G\u00dcNTARRE! Musik, Gedichte &amp; Kochrezepte mit Wandergitarre, Stromgitarre, viel G\u00fcnm\u00fcse &amp; Menschenfl\u00fcisch. Texte, Gedichte &amp; Prosa! Sexy, dicht &amp; Prost! Immer politisch, dabei total unpolitisch und fast immer korrekt! Fre\u00fcnd*innen des \u00dc\u00a0! Viel Spa\u00df hier! \u00dc\u00e7 k\u00fc\u00e7\u00fck \u00f6p\u00fc\u00e7\u00fck\u00a0 &hellip; <\/p>\n<p class=\"link-more\"><a href=\"https:\/\/magnet-media.de\/gyntarre\/\" class=\"more-link\"><span class=\"screen-reader-text\">\u201eG\u0178NTARRE\u201c <\/span>weiterlesen<\/a><\/p>\n","protected":false},"author":1,"featured_media":0,"parent":0,"menu_order":0,"comment_status":"closed","ping_status":"closed","template":"","meta":{"footnotes":""},"class_list":["post-49","page","type-page","status-publish","hentry"],"_links":{"self":[{"href":"https:\/\/magnet-media.de\/gyntarre\/wp-json\/wp\/v2\/pages\/49","targetHints":{"allow":["GET"]}}],"collection":[{"href":"https:\/\/magnet-media.de\/gyntarre\/wp-json\/wp\/v2\/pages"}],"about":[{"href":"https:\/\/magnet-media.de\/gyntarre\/wp-json\/wp\/v2\/types\/page"}],"author":[{"embeddable":true,"href":"https:\/\/magnet-media.de\/gyntarre\/wp-json\/wp\/v2\/users\/1"}],"replies":[{"embeddable":true,"href":"https:\/\/magnet-media.de\/gyntarre\/wp-json\/wp\/v2\/comments?post=49"}],"version-history":[{"count":10,"href":"https:\/\/magnet-media.de\/gyntarre\/wp-json\/wp\/v2\/pages\/49\/revisions"}],"predecessor-version":[{"id":946,"href":"https:\/\/magnet-media.de\/gyntarre\/wp-json\/wp\/v2\/pages\/49\/revisions\/946"}],"wp:attachment":[{"href":"https:\/\/magnet-media.de\/gyntarre\/wp-json\/wp\/v2\/media?parent=49"}],"curies":[{"name":"wp","href":"https:\/\/api.w.org\/{rel}","templated":true}]}}