{"id":9,"date":"2025-11-01T20:09:00","date_gmt":"2025-11-01T19:09:00","guid":{"rendered":"https:\/\/magnet-media.de\/diedaoben\/?page_id=9"},"modified":"2025-11-02T16:14:01","modified_gmt":"2025-11-02T15:14:01","slug":"startseite","status":"publish","type":"page","link":"https:\/\/magnet-media.de\/diedaoben\/","title":{"rendered":"DIE DA OBEN"},"content":{"rendered":"<hr \/>\n<p><strong>POGO METAL PUNKS,<br \/>\nGL\u00dcCK AUF!<\/strong><\/p>\n<p>Willkommen hier oben!<\/p>\n<p><strong>Viel Spa\u00df, herzliche Gr\u00fc\u00dfe und<br \/>\nimmer volles Brett<br \/>\nw\u00fcnschen Eure DDO!<\/strong><\/p>\n<p>Danke f\u00fcr Deinen Besuch unserer Webseite und unserer Konzerte!<\/p>\n<p><strong>YEAH, YEAH! DIE, DIE!<\/strong><br \/>\n<strong>YEAH, YEAH! DIE DA OBEN!<\/strong><\/p>\n<p>DIE, DIE, DIE, MY DARLING &#8211;<br \/>\nDIE, DIE, DIE DA OBEN!<\/p>\n<p><strong>DU BIST JETZT EINE*R VON UNS.<\/strong><\/p>\n","protected":false},"excerpt":{"rendered":"<p>POGO METAL PUNKS, GL\u00dcCK AUF! Willkommen hier oben! Viel Spa\u00df, herzliche Gr\u00fc\u00dfe und immer volles Brett w\u00fcnschen Eure DDO! Danke f\u00fcr Deinen Besuch unserer Webseite und unserer Konzerte! YEAH, YEAH! DIE, DIE! YEAH, YEAH! DIE DA OBEN! DIE, DIE, DIE, MY DARLING &#8211; DIE, DIE, DIE DA OBEN! DU BIST JETZT EINE*R VON UNS.<\/p>\n","protected":false},"author":1,"featured_media":0,"parent":0,"menu_order":0,"comment_status":"closed","ping_status":"closed","template":"","meta":{"footnotes":""},"class_list":["post-9","page","type-page","status-publish","hentry"],"_links":{"self":[{"href":"https:\/\/magnet-media.de\/diedaoben\/wp-json\/wp\/v2\/pages\/9","targetHints":{"allow":["GET"]}}],"collection":[{"href":"https:\/\/magnet-media.de\/diedaoben\/wp-json\/wp\/v2\/pages"}],"about":[{"href":"https:\/\/magnet-media.de\/diedaoben\/wp-json\/wp\/v2\/types\/page"}],"author":[{"embeddable":true,"href":"https:\/\/magnet-media.de\/diedaoben\/wp-json\/wp\/v2\/users\/1"}],"replies":[{"embeddable":true,"href":"https:\/\/magnet-media.de\/diedaoben\/wp-json\/wp\/v2\/comments?post=9"}],"version-history":[{"count":10,"href":"https:\/\/magnet-media.de\/diedaoben\/wp-json\/wp\/v2\/pages\/9\/revisions"}],"predecessor-version":[{"id":116,"href":"https:\/\/magnet-media.de\/diedaoben\/wp-json\/wp\/v2\/pages\/9\/revisions\/116"}],"wp:attachment":[{"href":"https:\/\/magnet-media.de\/diedaoben\/wp-json\/wp\/v2\/media?parent=9"}],"curies":[{"name":"wp","href":"https:\/\/api.w.org\/{rel}","templated":true}]}}