{"id":13,"date":"2025-11-01T20:09:00","date_gmt":"2025-11-01T19:09:00","guid":{"rendered":"https:\/\/magnet-media.de\/diedaoben\/?page_id=13"},"modified":"2026-04-23T13:38:06","modified_gmt":"2026-04-23T11:38:06","slug":"friends-links","status":"publish","type":"page","link":"https:\/\/magnet-media.de\/diedaoben\/friends-links\/","title":{"rendered":"FRIENDS &#038; LINKS"},"content":{"rendered":"<p>&#8230; to be continued.<\/p>\n<p><strong>Bands &amp; Artisten:<br \/>\n<\/strong><a href=\"https:\/\/www.youtube.com\/watch?v=xonEEoiwtG8\">Davy Jones<\/a><br \/>\n<a href=\"https:\/\/drte.bandcamp.com\/\">D\u00f6rte X<\/a><br \/>\n<a href=\"https:\/\/www.youtube.com\/c\/M%C3%A4rchenonkel\">M\u00e4rchenonkel<\/a><br \/>\n<a href=\"https:\/\/www.youtube.com\/@DonGordoBand\">Don Gordo<\/a><br \/>\n<a href=\"https:\/\/magnet-media.de\/gyntarre\/\">G\u00fcntarre<\/a><\/p>\n<p><strong>Konzerte:<\/strong><br \/>\n<a href=\"https:\/\/knox.p-u-n-k.de\/\">https:\/\/knox.p-u-n-k.de\/<\/a><\/p>\n<p><strong>Radios:<\/strong><br \/>\n<a href=\"https:\/\/www.hertz879.de\/\">https:\/\/www.hertz879.de\/<\/a><br \/>\n<a href=\"https:\/\/radio-cactus.com\/\">https:\/\/radio-cactus.com\/<\/a><br \/>\n<a href=\"https:\/\/www.radio-fratz.de\/\">https:\/\/www.radio-fratz.de\/<\/a><br \/>\n<a href=\"https:\/\/fm4.orf.at\/\">https:\/\/fm4.orf.at\/<\/a><br \/>\n<a href=\"https:\/\/95bfm.com\/\">https:\/\/95bfm.com\/<\/a><br \/>\n<a href=\"https:\/\/punkrockers-radio.de\/\">https:\/\/punkrockers-radio.de\/<\/a><\/p>\n<p><strong>Glotze:<\/strong><br \/>\n<a href=\"https:\/\/willkommen-oesterreich.tv\">https:\/\/willkommen-oesterreich.tv<\/a><\/p>\n<p><strong>Kulinarik:<\/strong><br \/>\n<a href=\"https:\/\/loveveg.de\/\">https:\/\/loveveg.de\/<\/a><\/p>\n<p><img loading=\"lazy\" decoding=\"async\" class=\"alignnone size-large wp-image-310\" src=\"https:\/\/magnet-media.de\/diedaoben\/wp-content\/uploads\/2026\/04\/ddo_band_marshall_amp_arshole-1024x780.jpg\" alt=\"Ddo Band Marshall Amp Arshole\" width=\"525\" height=\"400\" srcset=\"https:\/\/magnet-media.de\/diedaoben\/wp-content\/uploads\/2026\/04\/ddo_band_marshall_amp_arshole-1024x780.jpg 1024w, https:\/\/magnet-media.de\/diedaoben\/wp-content\/uploads\/2026\/04\/ddo_band_marshall_amp_arshole-300x228.jpg 300w, https:\/\/magnet-media.de\/diedaoben\/wp-content\/uploads\/2026\/04\/ddo_band_marshall_amp_arshole-768x585.jpg 768w, https:\/\/magnet-media.de\/diedaoben\/wp-content\/uploads\/2026\/04\/ddo_band_marshall_amp_arshole-1536x1169.jpg 1536w, https:\/\/magnet-media.de\/diedaoben\/wp-content\/uploads\/2026\/04\/ddo_band_marshall_amp_arshole.jpg 1659w\" sizes=\"auto, (max-width: 525px) 100vw, 525px\" \/><\/p>\n","protected":false},"excerpt":{"rendered":"<p>&#8230; to be continued. Bands &amp; Artisten: Davy Jones D\u00f6rte X M\u00e4rchenonkel Don Gordo G\u00fcntarre Konzerte: https:\/\/knox.p-u-n-k.de\/ Radios: https:\/\/www.hertz879.de\/ https:\/\/radio-cactus.com\/ https:\/\/www.radio-fratz.de\/ https:\/\/fm4.orf.at\/ https:\/\/95bfm.com\/ https:\/\/punkrockers-radio.de\/ Glotze: https:\/\/willkommen-oesterreich.tv Kulinarik: https:\/\/loveveg.de\/<\/p>\n","protected":false},"author":1,"featured_media":48,"parent":0,"menu_order":0,"comment_status":"closed","ping_status":"closed","template":"","meta":{"footnotes":""},"class_list":["post-13","page","type-page","status-publish","has-post-thumbnail","hentry"],"_links":{"self":[{"href":"https:\/\/magnet-media.de\/diedaoben\/wp-json\/wp\/v2\/pages\/13","targetHints":{"allow":["GET"]}}],"collection":[{"href":"https:\/\/magnet-media.de\/diedaoben\/wp-json\/wp\/v2\/pages"}],"about":[{"href":"https:\/\/magnet-media.de\/diedaoben\/wp-json\/wp\/v2\/types\/page"}],"author":[{"embeddable":true,"href":"https:\/\/magnet-media.de\/diedaoben\/wp-json\/wp\/v2\/users\/1"}],"replies":[{"embeddable":true,"href":"https:\/\/magnet-media.de\/diedaoben\/wp-json\/wp\/v2\/comments?post=13"}],"version-history":[{"count":6,"href":"https:\/\/magnet-media.de\/diedaoben\/wp-json\/wp\/v2\/pages\/13\/revisions"}],"predecessor-version":[{"id":311,"href":"https:\/\/magnet-media.de\/diedaoben\/wp-json\/wp\/v2\/pages\/13\/revisions\/311"}],"wp:featuredmedia":[{"embeddable":true,"href":"https:\/\/magnet-media.de\/diedaoben\/wp-json\/wp\/v2\/media\/48"}],"wp:attachment":[{"href":"https:\/\/magnet-media.de\/diedaoben\/wp-json\/wp\/v2\/media?parent=13"}],"curies":[{"name":"wp","href":"https:\/\/api.w.org\/{rel}","templated":true}]}}