{"id":11,"date":"2025-11-01T20:09:00","date_gmt":"2025-11-01T19:09:00","guid":{"rendered":"https:\/\/magnet-media.de\/diedaoben\/?page_id=11"},"modified":"2026-04-23T13:35:21","modified_gmt":"2026-04-23T11:35:21","slug":"musik","status":"publish","type":"page","link":"https:\/\/magnet-media.de\/diedaoben\/musik\/","title":{"rendered":"MUSIK"},"content":{"rendered":"<h4>DIE DA OBEN | VIDEO 3000 DEMOTAPE | APRIL 26<img loading=\"lazy\" decoding=\"async\" class=\"alignnone size-large wp-image-300\" src=\"https:\/\/magnet-media.de\/diedaoben\/wp-content\/uploads\/2026\/04\/diedaoben_demotape_video_3000-1024x744.png\" alt=\"Diedaoben Demotape Video 3000\" width=\"525\" height=\"381\" srcset=\"https:\/\/magnet-media.de\/diedaoben\/wp-content\/uploads\/2026\/04\/diedaoben_demotape_video_3000-1024x744.png 1024w, https:\/\/magnet-media.de\/diedaoben\/wp-content\/uploads\/2026\/04\/diedaoben_demotape_video_3000-300x218.png 300w, https:\/\/magnet-media.de\/diedaoben\/wp-content\/uploads\/2026\/04\/diedaoben_demotape_video_3000-768x558.png 768w, https:\/\/magnet-media.de\/diedaoben\/wp-content\/uploads\/2026\/04\/diedaoben_demotape_video_3000.png 1030w\" sizes=\"auto, (max-width: 525px) 100vw, 525px\" \/><br \/>\nDIE DA OBEN &#8211; GENIE ON THE BOTTLE<br \/>\n<iframe loading=\"lazy\" title=\"YouTube video player\" src=\"https:\/\/www.youtube-nocookie.com\/embed\/J06HJ-qn5To?si=BzvFtZJ0dmdeT8f_\" width=\"100%\" height=\"315\" frameborder=\"0\" allowfullscreen=\"allowfullscreen\"><\/iframe><\/h4>\n<p>Lyrics: <a href=\"https:\/\/magnet-media.de\/diedaoben\/wp-content\/uploads\/2026\/04\/DIE-DA-OBEN_Teenie_on_the_bottle.pdf\">DIE DA OBEN Teenie On The Bottle<\/a><\/p>\n<h4>DIE DA OBEN | LASS UNS K\u00dcSSEN<br \/>\n<iframe loading=\"lazy\" width=\"100%\" height=\"315\" src=\"https:\/\/www.youtube-nocookie.com\/embed\/DYqb_Le_FxI?si=RvdTmtBC8Yw94EC8\" title=\"YouTube video player\" frameborder=\"0\" allow=\"accelerometer; autoplay; clipboard-write; encrypted-media; gyroscope; picture-in-picture; web-share\" referrerpolicy=\"strict-origin-when-cross-origin\" allowfullscreen><\/iframe><br \/>\n<\/h4>\n<p>Lyrics:<a href=\"https:\/\/magnet-media.de\/diedaoben\/wp-content\/uploads\/2026\/04\/DIE-DA-OBEN__Lass-uns-kuessen.pdf\"> DIE DA OBEN Lass Uns K\u00fcssen<\/a><\/p>\n<hr \/>\n<h4>DDO LIVE<br \/>\nSaustall Sause Suttrop, Highnachtsmarkt 13.12.25<\/h4>\n<h2>Encore une Bi\u00e8re, Die Da Oben &#8211; Live<\/h2>\n<p><iframe loading=\"lazy\" title=\"YouTube video player\" src=\"https:\/\/www.youtube-nocookie.com\/embed\/X2S12yZ_x6I?si=j3lS0OOi53XkP3yB\" width=\"100%\" height=\"315\" frameborder=\"0\" allowfullscreen=\"allowfullscreen\"><span style=\"display: inline-block; width: 0px; overflow: hidden; line-height: 0;\" data-mce-type=\"bookmark\" class=\"mce_SELRES_start\">\ufeff<\/span><\/iframe><\/p>\n<p>Lyrics: <a href=\"https:\/\/magnet-media.de\/diedaoben\/wp-content\/uploads\/2025\/11\/DIE-DA-OBEN_encore_un_biere.pdf\">DIE DA OBEN Encore Un Biere<\/a><\/p>\n<h2>Online angeleint &#8211; Die Da Oben &#8211; Live<\/h2>\n<p><iframe loading=\"lazy\" title=\"YouTube video player\" src=\"https:\/\/www.youtube-nocookie.com\/embed\/mI5SWp37Sjg?si=WkIgzEOWLHll0Www\" width=\"100%\" height=\"315\" frameborder=\"0\" allowfullscreen=\"allowfullscreen\"><\/iframe><br \/>\nLyrics: <a href=\"https:\/\/magnet-media.de\/diedaoben\/musik\/die-da-oben_online-angeleint\/\" rel=\"attachment wp-att-276\">DIE DA OBEN Online Angeleint<\/a><\/p>\n<h2>DDO Song &#8211; Die Da Oben &#8211; Live<\/h2>\n<p><iframe loading=\"lazy\" title=\"YouTube video player\" src=\"https:\/\/www.youtube-nocookie.com\/embed\/LxfEXAqQbmw?si=yHlNCaVxTZsAkwG7\" width=\"100%\" height=\"315\" frameborder=\"0\" allowfullscreen=\"allowfullscreen\"><\/iframe><br \/>\nLyrics: <a href=\"https:\/\/magnet-media.de\/diedaoben\/musik\/die-da-oben_ddo-song\/\" rel=\"attachment wp-att-278\">DIE DA OBEN Ddo Song<\/a><\/p>\n<h2>Bombenverstimmung &#8211; Die Da Oben &#8211; Live<\/h2>\n<p><iframe loading=\"lazy\" title=\"YouTube video player\" src=\"https:\/\/www.youtube-nocookie.com\/embed\/1DVWlkzNKtc?si=dsbA3gp72z5A0oNO\" width=\"100%\" height=\"315\" frameborder=\"0\" allowfullscreen=\"allowfullscreen\"><\/iframe><br \/>\nLyrics: <a href=\"https:\/\/magnet-media.de\/diedaoben\/musik\/die-da-oben_bombenverstimmung\/\" rel=\"attachment wp-att-279\">DIE DA OBEN Bombenverstimmung<\/a><\/p>\n<p>Ja Hammer, was bleibt da noch zu sagen?<br \/>\nDANKE!<br \/>\nDanke an Euch, Danke an alle!<br \/>\nDanke an:<\/p>\n<ul>\n<li><a href=\"https:\/\/youtube.com\/channel\/UCb41aSh3zOIdr7WH5rPkGjg\/M%C3%A4rchenonkel?si=IH5WHIBzU7YBJH3J\">M\u00e4rchenonkel<\/a><\/li>\n<li><a href=\"https:\/\/www.youtube.com\/@DonGordoBand\">Don Gordo<\/a><\/li>\n<li>Shirley und Sabine Sabine<\/li>\n<li>Mina, Maggie und die M\u00e4dels<\/li>\n<li><a href=\"https:\/\/sebastianlier.de\/\">www.sebastianlier.de<\/a><\/li>\n<li>Olav Dumke<\/li>\n<li>Die Freund*innen, Kinders, Menschenkinders und so von allen &amp; die da oben<\/li>\n<li>Die Fremden, die zu Freund*innen werden &amp; geworden sind<\/li>\n<\/ul>\n<hr \/>\n<h4><a href=\"https:\/\/magnet-media.de\/diedaoben\/wp-content\/uploads\/2025\/11\/ddo_video2000.png\"><img loading=\"lazy\" decoding=\"async\" class=\"alignnone size-large wp-image-136\" src=\"https:\/\/magnet-media.de\/diedaoben\/wp-content\/uploads\/2025\/11\/ddo_video2000-1024x757.png\" alt=\"Ddo Video2000\" width=\"525\" height=\"388\" srcset=\"https:\/\/magnet-media.de\/diedaoben\/wp-content\/uploads\/2025\/11\/ddo_video2000-1024x757.png 1024w, https:\/\/magnet-media.de\/diedaoben\/wp-content\/uploads\/2025\/11\/ddo_video2000-300x222.png 300w, https:\/\/magnet-media.de\/diedaoben\/wp-content\/uploads\/2025\/11\/ddo_video2000-768x567.png 768w, https:\/\/magnet-media.de\/diedaoben\/wp-content\/uploads\/2025\/11\/ddo_video2000.png 1061w\" sizes=\"auto, (max-width: 525px) 100vw, 525px\" \/><\/a><\/h4>\n<h4>DIE DA OBEN | VIDEO 2000&#215;1000 DEMOTAPE | NOVEMBER 2025<\/h4>\n<p><iframe loading=\"lazy\" title=\"YouTube video player\" src=\"https:\/\/www.youtube-nocookie.com\/embed\/nSxOYFSbeqs?si=C58iFT-fjCYMJ0rb\" width=\"100%\" height=\"315\" frameborder=\"0\" allowfullscreen=\"allowfullscreen\"><\/iframe><br \/>\n<strong>Songliste<\/strong><\/p>\n<ol>\n<li>\u00a0Die Zutatenliste von Zuckerr\u00fcbensirup<\/li>\n<li>Die Diggitatur (ab 0:48)<\/li>\n<li>Encore un Biere (ab 5:30)<\/li>\n<li>Die Zutatenliste von Zuckerr\u00fcbensirup &#8211; Part 2 ( ab 8:45)<\/li>\n<\/ol>\n<p><strong>Lyrics \/ Texte (pdf)<\/strong><\/p>\n<ol>\n<li><a href=\"https:\/\/magnet-media.de\/diedaoben\/wp-content\/uploads\/2025\/11\/DIE-DA-OBEN_die_zutatenliste_von_zuckerruebensirup.pdf\">DIE DA OBEN Die Zutatenliste Von Zuckerruebensirup<\/a><\/li>\n<li><a href=\"https:\/\/magnet-media.de\/diedaoben\/musik\/die-da-oben_die_diggitatur\/\" rel=\"attachment wp-att-141\">DIE DA OBEN Die Diggitatur<\/a><\/li>\n<li><a href=\"https:\/\/magnet-media.de\/diedaoben\/wp-content\/uploads\/2025\/11\/DIE-DA-OBEN_encore_un_biere.pdf\">DIE DA OBEN Encore Un Biere<\/a><\/li>\n<\/ol>\n<p>&nbsp;<\/p>\n<div id='gallery-1' class='gallery galleryid-11 gallery-columns-3 gallery-size-thumbnail'><figure class='gallery-item'>\n\t\t\t<div class='gallery-icon landscape'>\n\t\t\t\t<a href='https:\/\/magnet-media.de\/diedaoben\/kontakt-booking-datenschutz-impressum\/die-da-oben_band_logo\/'><img loading=\"lazy\" decoding=\"async\" width=\"150\" height=\"150\" src=\"https:\/\/magnet-media.de\/diedaoben\/wp-content\/uploads\/2025\/11\/die-da-oben_band_logo-150x150.png\" class=\"attachment-thumbnail size-thumbnail\" alt=\"DIE DA OBEN - BAND LOGO\" aria-describedby=\"gallery-1-15\" srcset=\"https:\/\/magnet-media.de\/diedaoben\/wp-content\/uploads\/2025\/11\/die-da-oben_band_logo-150x150.png 150w, https:\/\/magnet-media.de\/diedaoben\/wp-content\/uploads\/2025\/11\/die-da-oben_band_logo-100x100.png 100w\" sizes=\"auto, 100vw\" \/><\/a>\n\t\t\t<\/div>\n\t\t\t\t<figcaption class='wp-caption-text gallery-caption' id='gallery-1-15'>\n\t\t\t\tDIE DA OBEN | LOGO\n\t\t\t\t<\/figcaption><\/figure><figure class='gallery-item'>\n\t\t\t<div class='gallery-icon landscape'>\n\t\t\t\t<a href='https:\/\/magnet-media.de\/diedaoben\/musik\/ddo_video2000\/'><img loading=\"lazy\" decoding=\"async\" width=\"150\" height=\"150\" src=\"https:\/\/magnet-media.de\/diedaoben\/wp-content\/uploads\/2025\/11\/ddo_video2000-150x150.png\" class=\"attachment-thumbnail size-thumbnail\" alt=\"Ddo Video2000\" aria-describedby=\"gallery-1-136\" srcset=\"https:\/\/magnet-media.de\/diedaoben\/wp-content\/uploads\/2025\/11\/ddo_video2000-150x150.png 150w, https:\/\/magnet-media.de\/diedaoben\/wp-content\/uploads\/2025\/11\/ddo_video2000-100x100.png 100w\" sizes=\"auto, 100vw\" \/><\/a>\n\t\t\t<\/div>\n\t\t\t\t<figcaption class='wp-caption-text gallery-caption' id='gallery-1-136'>\n\t\t\t\tVIDEO 2MILLIONEN\n\t\t\t\t<\/figcaption><\/figure><figure class='gallery-item'>\n\t\t\t<div class='gallery-icon landscape'>\n\t\t\t\t<a href='https:\/\/magnet-media.de\/diedaoben\/musik\/die_da_oben_band_001\/'><img loading=\"lazy\" decoding=\"async\" width=\"150\" height=\"150\" src=\"https:\/\/magnet-media.de\/diedaoben\/wp-content\/uploads\/2025\/11\/die_da_oben_Band_001-150x150.jpg\" class=\"attachment-thumbnail size-thumbnail\" alt=\"Die Da Oben Band 001\" aria-describedby=\"gallery-1-129\" srcset=\"https:\/\/magnet-media.de\/diedaoben\/wp-content\/uploads\/2025\/11\/die_da_oben_Band_001-150x150.jpg 150w, https:\/\/magnet-media.de\/diedaoben\/wp-content\/uploads\/2025\/11\/die_da_oben_Band_001-100x100.jpg 100w\" sizes=\"auto, 100vw\" \/><\/a>\n\t\t\t<\/div>\n\t\t\t\t<figcaption class='wp-caption-text gallery-caption' id='gallery-1-129'>\n\t\t\t\tDIE DA OBEN | BAND\n\t\t\t\t<\/figcaption><\/figure><figure class='gallery-item'>\n\t\t\t<div class='gallery-icon landscape'>\n\t\t\t\t<a href='https:\/\/magnet-media.de\/diedaoben\/musik\/die_da_oben_band_007\/'><img loading=\"lazy\" decoding=\"async\" width=\"150\" height=\"150\" src=\"https:\/\/magnet-media.de\/diedaoben\/wp-content\/uploads\/2025\/11\/die_da_oben_Band_007-150x150.jpg\" class=\"attachment-thumbnail size-thumbnail\" alt=\"Die Da Oben Band 007\" aria-describedby=\"gallery-1-135\" srcset=\"https:\/\/magnet-media.de\/diedaoben\/wp-content\/uploads\/2025\/11\/die_da_oben_Band_007-150x150.jpg 150w, https:\/\/magnet-media.de\/diedaoben\/wp-content\/uploads\/2025\/11\/die_da_oben_Band_007-100x100.jpg 100w\" sizes=\"auto, 100vw\" \/><\/a>\n\t\t\t<\/div>\n\t\t\t\t<figcaption class='wp-caption-text gallery-caption' id='gallery-1-135'>\n\t\t\t\tDIE DA OBEN | LIVE\n\t\t\t\t<\/figcaption><\/figure><figure class='gallery-item'>\n\t\t\t<div class='gallery-icon landscape'>\n\t\t\t\t<a href='https:\/\/magnet-media.de\/diedaoben\/musik\/die_da_oben_band_006\/'><img loading=\"lazy\" decoding=\"async\" width=\"150\" height=\"150\" src=\"https:\/\/magnet-media.de\/diedaoben\/wp-content\/uploads\/2025\/11\/die_da_oben_Band_006-150x150.jpg\" class=\"attachment-thumbnail size-thumbnail\" alt=\"Die Da Oben Band 006\" aria-describedby=\"gallery-1-134\" srcset=\"https:\/\/magnet-media.de\/diedaoben\/wp-content\/uploads\/2025\/11\/die_da_oben_Band_006-150x150.jpg 150w, https:\/\/magnet-media.de\/diedaoben\/wp-content\/uploads\/2025\/11\/die_da_oben_Band_006-100x100.jpg 100w\" sizes=\"auto, 100vw\" \/><\/a>\n\t\t\t<\/div>\n\t\t\t\t<figcaption class='wp-caption-text gallery-caption' id='gallery-1-134'>\n\t\t\t\tDIE DA OBEN | MUSIK\n\t\t\t\t<\/figcaption><\/figure><figure class='gallery-item'>\n\t\t\t<div class='gallery-icon landscape'>\n\t\t\t\t<a href='https:\/\/magnet-media.de\/diedaoben\/musik\/die_da_oben_band_005\/'><img loading=\"lazy\" decoding=\"async\" width=\"150\" height=\"150\" src=\"https:\/\/magnet-media.de\/diedaoben\/wp-content\/uploads\/2025\/11\/die_da_oben_Band_005-150x150.jpg\" class=\"attachment-thumbnail size-thumbnail\" alt=\"Die Da Oben Band 005\" aria-describedby=\"gallery-1-133\" srcset=\"https:\/\/magnet-media.de\/diedaoben\/wp-content\/uploads\/2025\/11\/die_da_oben_Band_005-150x150.jpg 150w, https:\/\/magnet-media.de\/diedaoben\/wp-content\/uploads\/2025\/11\/die_da_oben_Band_005-100x100.jpg 100w\" sizes=\"auto, 100vw\" \/><\/a>\n\t\t\t<\/div>\n\t\t\t\t<figcaption class='wp-caption-text gallery-caption' id='gallery-1-133'>\n\t\t\t\tPOGO METAL PUNKS\n\t\t\t\t<\/figcaption><\/figure>\n\t\t<\/div>\n\n","protected":false},"excerpt":{"rendered":"<p>DIE DA OBEN | VIDEO 3000 DEMOTAPE | APRIL 26 DIE DA OBEN &#8211; GENIE ON THE BOTTLE Lyrics: DIE DA OBEN Teenie On The Bottle DIE DA OBEN | LASS UNS K\u00dcSSEN Lyrics: DIE DA OBEN Lass Uns K\u00fcssen DDO LIVE Saustall Sause Suttrop, Highnachtsmarkt 13.12.25 Encore une Bi\u00e8re, Die Da Oben &#8211; Live &hellip; <\/p>\n<p class=\"link-more\"><a href=\"https:\/\/magnet-media.de\/diedaoben\/musik\/\" class=\"more-link\"><span class=\"screen-reader-text\">\u201eMUSIK\u201c <\/span>weiterlesen<\/a><\/p>\n","protected":false},"author":1,"featured_media":47,"parent":0,"menu_order":0,"comment_status":"closed","ping_status":"closed","template":"","meta":{"footnotes":""},"class_list":["post-11","page","type-page","status-publish","has-post-thumbnail","hentry"],"_links":{"self":[{"href":"https:\/\/magnet-media.de\/diedaoben\/wp-json\/wp\/v2\/pages\/11","targetHints":{"allow":["GET"]}}],"collection":[{"href":"https:\/\/magnet-media.de\/diedaoben\/wp-json\/wp\/v2\/pages"}],"about":[{"href":"https:\/\/magnet-media.de\/diedaoben\/wp-json\/wp\/v2\/types\/page"}],"author":[{"embeddable":true,"href":"https:\/\/magnet-media.de\/diedaoben\/wp-json\/wp\/v2\/users\/1"}],"replies":[{"embeddable":true,"href":"https:\/\/magnet-media.de\/diedaoben\/wp-json\/wp\/v2\/comments?post=11"}],"version-history":[{"count":10,"href":"https:\/\/magnet-media.de\/diedaoben\/wp-json\/wp\/v2\/pages\/11\/revisions"}],"predecessor-version":[{"id":308,"href":"https:\/\/magnet-media.de\/diedaoben\/wp-json\/wp\/v2\/pages\/11\/revisions\/308"}],"wp:featuredmedia":[{"embeddable":true,"href":"https:\/\/magnet-media.de\/diedaoben\/wp-json\/wp\/v2\/media\/47"}],"wp:attachment":[{"href":"https:\/\/magnet-media.de\/diedaoben\/wp-json\/wp\/v2\/media?parent=11"}],"curies":[{"name":"wp","href":"https:\/\/api.w.org\/{rel}","templated":true}]}}